{"id":61,"date":"2024-10-28T11:12:24","date_gmt":"2024-10-28T11:12:24","guid":{"rendered":"https:\/\/staging.hamburggalerie.de\/?page_id=61"},"modified":"2024-10-28T11:15:27","modified_gmt":"2024-10-28T11:15:27","slug":"datenschutzerklaerung-2","status":"publish","type":"page","link":"https:\/\/staging.hamburggalerie.de\/?page_id=61","title":{"rendered":"Datenschutzerkl\u00e4rung"},"content":{"rendered":"\n<p><\/p>\n\n\n\n<hr class=\"wp-block-separator has-alpha-channel-opacity\"\/>\n\n\n\n<p><strong>Datenschutzerkl\u00e4rung<\/strong><\/p>\n\n\n\n<p><strong>1. Einleitung<\/strong><\/p>\n\n\n\n<p>Der Schutz Ihrer personenbezogenen Daten ist uns wichtig. Diese Datenschutzerkl\u00e4rung informiert Sie dar\u00fcber, welche Daten wir erheben, wie wir sie verwenden und welche Rechte Sie in Bezug auf Ihre Daten haben.<\/p>\n\n\n\n<p><strong>2. Verantwortliche Stelle<\/strong><\/p>\n\n\n\n<p>Verantwortlich f\u00fcr die Verarbeitung Ihrer personenbezogenen Daten ist:<\/p>\n\n\n\n<p>HamburGGalerie<br>Inga Tausendfreund\/Martina Fok<br>Angerstrasse 34<br>22087 Hamburg<br>info@hamburggalerie.de<\/p>\n\n\n\n<p><strong>3. Erhebung und Verarbeitung personenbezogener Daten<\/strong><\/p>\n\n\n\n<p>Wir erheben und verarbeiten personenbezogene Daten, wenn Sie unsere Website besuchen. Dies k\u00f6nnen folgende Daten sein:<\/p>\n\n\n\n<ul class=\"wp-block-list\">\n<li>IP-Adresse<\/li>\n\n\n\n<li>Datum und Uhrzeit des Zugriffs<\/li>\n\n\n\n<li>Seiten, die Sie auf unserer Website besuchen<\/li>\n\n\n\n<li>Referrer-URL (die zuvor besuchte Seite)<\/li>\n<\/ul>\n\n\n\n<p>Diese Daten werden zu folgenden Zwecken verarbeitet:<\/p>\n\n\n\n<ul class=\"wp-block-list\">\n<li>Bereitstellung der Website<\/li>\n\n\n\n<li>Verbesserung unserer Website<\/li>\n\n\n\n<li>Sicherstellung der Sicherheit der Systeme<\/li>\n<\/ul>\n\n\n\n<p><strong>4. Cookies<\/strong><\/p>\n\n\n\n<p>Unsere Website verwendet Cookies, um die Benutzererfahrung zu verbessern. Sie k\u00f6nnen die Verwendung von Cookies in den Einstellungen Ihres Browsers anpassen. Wenn Sie Cookies ablehnen, kann dies zu Funktionseinschr\u00e4nkungen unserer Website f\u00fchren.<\/p>\n\n\n\n<p><strong>5. Weitergabe von Daten<\/strong><\/p>\n\n\n\n<p>Eine Weitergabe Ihrer personenbezogenen Daten an Dritte erfolgt nur, wenn:<\/p>\n\n\n\n<ul class=\"wp-block-list\">\n<li>Sie Ihre ausdr\u00fcckliche Einwilligung gegeben haben,<\/li>\n\n\n\n<li>eine rechtliche Verpflichtung besteht,<\/li>\n\n\n\n<li>dies zur Durchsetzung unserer Rechte erforderlich ist.<\/li>\n<\/ul>\n\n\n\n<p><strong>6. Rechte der betroffenen Personen<\/strong><\/p>\n\n\n\n<p>Sie haben das Recht:<\/p>\n\n\n\n<ul class=\"wp-block-list\">\n<li>Auskunft \u00fcber Ihre personenbezogenen Daten zu erhalten,<\/li>\n\n\n\n<li>die Berichtigung unrichtiger Daten zu verlangen,<\/li>\n\n\n\n<li>die L\u00f6schung Ihrer Daten zu fordern,<\/li>\n\n\n\n<li>die Einschr\u00e4nkung der Verarbeitung zu verlangen,<\/li>\n\n\n\n<li>Ihre Daten in einem strukturierten, g\u00e4ngigen und maschinenlesbaren Format zu erhalten.<\/li>\n<\/ul>\n\n\n\n<p><strong>7. \u00c4nderungen dieser Datenschutzerkl\u00e4rung<\/strong><\/p>\n\n\n\n<p>Wir behalten uns vor, diese Datenschutzerkl\u00e4rung jederzeit zu \u00e4ndern. Die aktuelle Version wird auf unserer Website ver\u00f6ffentlicht. Bitte informieren Sie sich regelm\u00e4\u00dfig \u00fcber die Inhalte.<\/p>\n\n\n\n<p><strong>8. Kontakt<\/strong><\/p>\n\n\n\n<p>Bei Fragen zu dieser Datenschutzerkl\u00e4rung oder zur Verarbeitung Ihrer personenbezogenen Daten k\u00f6nnen Sie uns unter info@hamburggalerie.de kontaktieren.<\/p>\n","protected":false},"excerpt":{"rendered":"<p>Datenschutzerkl\u00e4rung 1. Einleitung Der Schutz Ihrer personenbezogenen Daten ist uns wichtig. Diese Datenschutzerkl\u00e4rung informiert Sie dar\u00fcber, welche Daten wir erheben, wie wir sie verwenden und welche Rechte Sie in Bezug auf Ihre Daten haben. 2. Verantwortliche Stelle Verantwortlich f\u00fcr die Verarbeitung Ihrer personenbezogenen Daten ist: HamburGGalerieInga Tausendfreund\/Martina FokAngerstrasse 3422087 Hamburginfo@hamburggalerie.de 3. Erhebung und Verarbeitung personenbezogener [&hellip;]<\/p>\n","protected":false},"author":1,"featured_media":0,"parent":0,"menu_order":0,"comment_status":"closed","ping_status":"closed","template":"","meta":{"footnotes":""},"class_list":["post-61","page","type-page","status-publish","hentry"],"_links":{"self":[{"href":"https:\/\/staging.hamburggalerie.de\/index.php?rest_route=\/wp\/v2\/pages\/61","targetHints":{"allow":["GET"]}}],"collection":[{"href":"https:\/\/staging.hamburggalerie.de\/index.php?rest_route=\/wp\/v2\/pages"}],"about":[{"href":"https:\/\/staging.hamburggalerie.de\/index.php?rest_route=\/wp\/v2\/types\/page"}],"author":[{"embeddable":true,"href":"https:\/\/staging.hamburggalerie.de\/index.php?rest_route=\/wp\/v2\/users\/1"}],"replies":[{"embeddable":true,"href":"https:\/\/staging.hamburggalerie.de\/index.php?rest_route=%2Fwp%2Fv2%2Fcomments&post=61"}],"version-history":[{"count":2,"href":"https:\/\/staging.hamburggalerie.de\/index.php?rest_route=\/wp\/v2\/pages\/61\/revisions"}],"predecessor-version":[{"id":65,"href":"https:\/\/staging.hamburggalerie.de\/index.php?rest_route=\/wp\/v2\/pages\/61\/revisions\/65"}],"wp:attachment":[{"href":"https:\/\/staging.hamburggalerie.de\/index.php?rest_route=%2Fwp%2Fv2%2Fmedia&parent=61"}],"curies":[{"name":"wp","href":"https:\/\/api.w.org\/{rel}","templated":true}]}}